{"id":11,"date":"2026-04-15T06:49:07","date_gmt":"2026-04-15T04:49:07","guid":{"rendered":"https:\/\/growattmadagascar.com\/?page_id=11"},"modified":"2026-04-16T07:01:20","modified_gmt":"2026-04-16T05:01:20","slug":"accueil","status":"publish","type":"page","link":"https:\/\/growattmadagascar.com\/","title":{"rendered":"Accueil"},"content":{"rendered":"\n<p>Bienvenue chez <strong>Growatt Madagascar<\/strong> \ud83c\udf1e<\/p>\n\n\n\n<p>Nous sommes heureux de vous accueillir sur notre site d\u00e9di\u00e9 aux solutions solaires innovantes et durables. Ici, vous d\u00e9couvrirez des \u00e9quipements fiables de la marque Growatt, con\u00e7us pour vous aider \u00e0 produire, stocker et optimiser votre \u00e9nergie en toute simplicit\u00e9.<\/p>\n\n\n\n<p>Que vous soyez particulier ou professionnel, notre \u00e9quipe est \u00e0 votre \u00e9coute pour vous accompagner dans votre projet solaire et vous proposer les meilleures solutions adapt\u00e9es \u00e0 vos besoins.<\/p>\n\n\n\n<p>\ud83c\udf0d Ensemble, avan\u00e7ons vers un avenir plus propre, plus \u00e9conomique et plus ind\u00e9pendant gr\u00e2ce \u00e0 l\u2019\u00e9nergie solaire.<\/p>\n\n\n\n<p>Merci de votre visite et bienvenue dans l\u2019univers de l\u2019\u00e9nergie intelligente \u26a1<\/p>\n","protected":false},"excerpt":{"rendered":"<p>Bienvenue chez Growatt Madagascar \ud83c\udf1e Nous sommes heureux de vous accueillir sur notre site d\u00e9di\u00e9 aux solutions solaires innovantes et durables. Ici, vous d\u00e9couvrirez des \u00e9quipements fiables de la marque&hellip;<\/p>\n","protected":false},"author":1,"featured_media":0,"parent":0,"menu_order":0,"comment_status":"closed","ping_status":"closed","template":"","meta":{"footnotes":""},"class_list":["post-11","page","type-page","status-publish","hentry"],"_links":{"self":[{"href":"https:\/\/growattmadagascar.com\/wp-json\/wp\/v2\/pages\/11","targetHints":{"allow":["GET"]}}],"collection":[{"href":"https:\/\/growattmadagascar.com\/wp-json\/wp\/v2\/pages"}],"about":[{"href":"https:\/\/growattmadagascar.com\/wp-json\/wp\/v2\/types\/page"}],"author":[{"embeddable":true,"href":"https:\/\/growattmadagascar.com\/wp-json\/wp\/v2\/users\/1"}],"replies":[{"embeddable":true,"href":"https:\/\/growattmadagascar.com\/wp-json\/wp\/v2\/comments?post=11"}],"version-history":[{"count":3,"href":"https:\/\/growattmadagascar.com\/wp-json\/wp\/v2\/pages\/11\/revisions"}],"predecessor-version":[{"id":91,"href":"https:\/\/growattmadagascar.com\/wp-json\/wp\/v2\/pages\/11\/revisions\/91"}],"wp:attachment":[{"href":"https:\/\/growattmadagascar.com\/wp-json\/wp\/v2\/media?parent=11"}],"curies":[{"name":"wp","href":"https:\/\/api.w.org\/{rel}","templated":true}]}}